{"id":281,"date":"2023-10-24T13:34:46","date_gmt":"2023-10-24T12:34:46","guid":{"rendered":"http:\/\/www.zhw2.pl\/index.php\/szablon-copy\/"},"modified":"2024-03-20T20:18:52","modified_gmt":"2024-03-20T19:18:52","slug":"organizatorzy","status":"publish","type":"page","link":"https:\/\/www.zhw2.pl\/index.php\/organizatorzy\/","title":{"rendered":"Organizatorzy"},"content":{"rendered":"<!--themify_builder_content-->\n<div id=\"themify_builder_content-281\" data-postid=\"281\" class=\"themify_builder_content themify_builder_content-281 themify_builder tf_clear\">\n                    <div  data-css_id=\"zyv7049\" data-lazy=\"1\" class=\"module_row themify_builder_row fullwidth_row_container tb_zyv7049 tb_first tf_w\">\n                        <div class=\"row_inner col_align_top tb_col_count_1 tf_box tf_rel\">\n                        <div  data-lazy=\"1\" class=\"module_column tb-column col-full tb_q7l5130 first\">\n                    <!-- module text -->\n<div  class=\"module module-text tb_xfou400   \" data-lazy=\"1\">\n        <div  class=\"tb_text_wrap\">\n        <h1>Organizatorzy&#8230;<\/h1>    <\/div>\n<\/div>\n<!-- \/module text -->        <\/div>\n                        <\/div>\n        <\/div>\n                        <div  data-lazy=\"1\" class=\"module_row themify_builder_row tb_j4dm440 tf_w\">\n                        <div class=\"row_inner col_align_top tb_col_count_1 tf_box tf_rel\">\n                        <div  data-lazy=\"1\" class=\"module_column tb-column col-full tb_pw48009 first\">\n                    <!-- module text -->\n<div  class=\"module module-text tb_8bqa410   \" data-lazy=\"1\">\n        <div  class=\"tb_text_wrap\">\n        <p><b>Komitet Organizacyjny:<\/b><\/p>\n<p><b>Przewodnicz\u0105ca: <\/b><span style=\"font-weight: 400;\">dr hab. Katarzyna Dormus, prof. UKEN<\/span><\/p>\n<p><b>Cz\u0142onkowie:<\/b><span style=\"font-weight: 400;\"> dr hab. Andrzej Pawe\u0142 Bie\u015b SJ, prof. UIK, dr hab. Anna Kr\u00f3likowska, prof. UIK, dr hab. Jan Ry\u015b, prof. UKEN, dr hab. Ryszard \u015al\u0119czka, prof. UKEN, dr hab. Beata Topij-Stempi\u0144ska, prof. UIK, dr hab. Justyna Wojniak, prof. UKEN<\/span><\/p>\n<p><span style=\"font-weight: 400;\">Sekretarz: dr Anna W\u0142och<\/span><\/p>    <\/div>\n<\/div>\n<!-- \/module text -->        <\/div>\n                        <\/div>\n        <\/div>\n        <\/div>\n<!--\/themify_builder_content-->\n\n\n<p><\/p>","protected":false},"excerpt":{"rendered":"<p>Organizatorzy&#8230; Komitet Organizacyjny: Przewodnicz\u0105ca: dr hab. Katarzyna Dormus, prof. UKEN Cz\u0142onkowie: dr hab. Andrzej Pawe\u0142 Bie\u015b SJ, prof. UIK, dr hab. Anna Kr\u00f3likowska, prof. UIK, dr hab. Jan Ry\u015b, prof. UKEN, dr hab. Ryszard \u015al\u0119czka, prof. UKEN, dr hab. Beata Topij-Stempi\u0144ska, prof. UIK, dr hab. Justyna Wojniak, prof. UKEN Sekretarz: dr Anna W\u0142och<\/p>\n","protected":false},"author":1,"featured_media":0,"parent":0,"menu_order":0,"comment_status":"closed","ping_status":"closed","template":"","meta":{"footnotes":""},"class_list":["post-281","page","type-page","status-publish","hentry","has-post-title","has-post-date","has-post-category","has-post-tag","has-post-comment","has-post-author",""],"builder_content":"<h1>Organizatorzy...<\/h1>\n<p><b>Komitet Organizacyjny:<\/b><\/p> <p><b>Przewodnicz\u0105ca: <\/b>dr hab. Katarzyna Dormus, prof. UKEN<\/p> <p><b>Cz\u0142onkowie:<\/b> dr hab. Andrzej Pawe\u0142 Bie\u015b SJ, prof. UIK, dr hab. Anna Kr\u00f3likowska, prof. UIK, dr hab. Jan Ry\u015b, prof. UKEN, dr hab. Ryszard \u015al\u0119czka, prof. UKEN, dr hab. Beata Topij-Stempi\u0144ska, prof. UIK, dr hab. Justyna Wojniak, prof. UKEN<\/p> <p>Sekretarz: dr Anna W\u0142och<\/p>","_links":{"self":[{"href":"https:\/\/www.zhw2.pl\/index.php\/wp-json\/wp\/v2\/pages\/281","targetHints":{"allow":["GET"]}}],"collection":[{"href":"https:\/\/www.zhw2.pl\/index.php\/wp-json\/wp\/v2\/pages"}],"about":[{"href":"https:\/\/www.zhw2.pl\/index.php\/wp-json\/wp\/v2\/types\/page"}],"author":[{"embeddable":true,"href":"https:\/\/www.zhw2.pl\/index.php\/wp-json\/wp\/v2\/users\/1"}],"replies":[{"embeddable":true,"href":"https:\/\/www.zhw2.pl\/index.php\/wp-json\/wp\/v2\/comments?post=281"}],"version-history":[{"count":9,"href":"https:\/\/www.zhw2.pl\/index.php\/wp-json\/wp\/v2\/pages\/281\/revisions"}],"predecessor-version":[{"id":525,"href":"https:\/\/www.zhw2.pl\/index.php\/wp-json\/wp\/v2\/pages\/281\/revisions\/525"}],"wp:attachment":[{"href":"https:\/\/www.zhw2.pl\/index.php\/wp-json\/wp\/v2\/media?parent=281"}],"curies":[{"name":"wp","href":"https:\/\/api.w.org\/{rel}","templated":true}]}}