{"id":526,"date":"2024-03-20T20:18:53","date_gmt":"2024-03-20T19:18:53","guid":{"rendered":"https:\/\/www.zhw2.pl\/index.php\/organizatorzy-copy\/"},"modified":"2024-03-20T20:39:18","modified_gmt":"2024-03-20T19:39:18","slug":"projekt","status":"publish","type":"page","link":"https:\/\/www.zhw2.pl\/index.php\/projekt\/","title":{"rendered":"Projekt"},"content":{"rendered":"<!--themify_builder_content-->\n<div id=\"themify_builder_content-526\" data-postid=\"526\" class=\"themify_builder_content themify_builder_content-526 themify_builder tf_clear\">\n                    <div  data-css_id=\"u50y055\" data-lazy=\"1\" class=\"module_row themify_builder_row fullwidth_row_container tb_u50y055 tb_first tf_w\">\n                        <div class=\"row_inner col_align_top tb_col_count_1 tf_box tf_rel\">\n                        <div  data-lazy=\"1\" class=\"module_column tb-column col-full tb_f4a3005 first\">\n                    <!-- module text -->\n<div  class=\"module module-text tb_d8cz000   \" data-lazy=\"1\">\n        <div  class=\"tb_text_wrap\">\n        <h1>Projekt&#8230;<\/h1>    <\/div>\n<\/div>\n<!-- \/module text -->        <\/div>\n                        <\/div>\n        <\/div>\n                        <div  data-lazy=\"1\" class=\"module_row themify_builder_row tb_mdn4667 tf_w\">\n                        <div class=\"row_inner col_align_top tb_col_count_1 tf_box tf_rel\">\n                        <div  data-lazy=\"1\" class=\"module_column tb-column col-full tb_4t67185 first\">\n                    <!-- module text -->\n<div  class=\"module module-text tb_opvv571   \" data-lazy=\"1\">\n        <div  class=\"tb_text_wrap\">\n        <p style=\"text-align: center;\"><strong>Dofinansowano z programu Doskona\u0142a Nauka Ministerstwa Edukacji i Nauki<\/strong><\/p>\n<p>\u00a0<\/p>    <\/div>\n<\/div>\n<!-- \/module text --><!-- module image -->\n<div  class=\"module module-image tb_pyge193 image-center   tf_mw\" data-lazy=\"1\">\n        <div class=\"image-wrap tf_rel tf_mw\">\n            <img loading=\"lazy\" decoding=\"async\" src=\"http:\/\/www.zhw2.pl\/wp-content\/uploads\/2024\/03\/C-_Users_pczer_Pictures_WWW_ZHW_Logo_Ministerstwa_Edukacji_i_Nauki.jpg\" width=\"500\" height=\"158\" title=\"Projekt\" alt=\"Projekt\">    \n        <\/div>\n    <!-- \/image-wrap -->\n    \n        <\/div>\n<!-- \/module image --><!-- module image -->\n<div  class=\"module module-image tb_s9z8916 image-center   tf_mw\" data-lazy=\"1\">\n        <div class=\"image-wrap tf_rel tf_mw\">\n            <img loading=\"lazy\" decoding=\"async\" src=\"http:\/\/www.zhw2.pl\/wp-content\/uploads\/2024\/03\/logo-doskonala-nauka.png\" width=\"400\" height=\"225\" title=\"Projekt\" alt=\"Projekt\">    \n        <\/div>\n    <!-- \/image-wrap -->\n    \n        <\/div>\n<!-- \/module image --><!-- module text -->\n<div  class=\"module module-text tb_tg67901   \" data-lazy=\"1\">\n        <div  class=\"tb_text_wrap\">\n        <p style=\"text-align: center;\"><span style=\"font-weight: 400;\">Nazwa programu: <strong>Doskona\u0142a Nauka II<\/strong><\/span><\/p>\n<p style=\"text-align: center;\"><span style=\"font-weight: 400;\">Nazwa modu\u0142u: <strong>Wsparcie konferencji naukowych<\/strong><\/span><\/p>\n<p style=\"text-align: center;\"><span style=\"font-weight: 400;\">Tytu\u0142 projektu: <\/span><i><span style=\"font-weight: 400;\">II Zjazd Historyk\u00f3w Wychowania w 250. rocznic\u0119 powstania Komisji Edukacji Narodowej<\/span><\/i><\/p>\n<p style=\"text-align: center;\"><span style=\"font-weight: 400;\">Warto\u015b\u0107 przyznanego finansowania: <strong>106 805, 60 PLN<\/strong><\/span><\/p>\n<p style=\"text-align: center;\"><span style=\"font-weight: 400;\">Data podpisania umowy: listopad 2023<\/span><\/p>\n    <\/div>\n<\/div>\n<!-- \/module text -->        <\/div>\n                        <\/div>\n        <\/div>\n                        <div  data-lazy=\"1\" class=\"module_row themify_builder_row tb_59zl284 tf_w\">\n                        <div class=\"row_inner col_align_top tb_col_count_1 tf_box tf_rel\">\n                        <div  data-lazy=\"1\" class=\"module_column tb-column col-full tb_6ah0284 first\">\n                    <!-- module text -->\n<div  class=\"module module-text tb_iv2c375   \" data-lazy=\"1\">\n        <div  class=\"tb_text_wrap\">\n        <p><strong>Opis projektu:<\/strong><\/p>\n<p><span style=\"font-weight: 400;\">W 2023 roku przypada 250. rocznica powstania Komisji Edukacji Narodowej, pierwszej na ziemiach polskich instytucji o\u015bwiaty publicznej. Komisja zreformowa\u0142a polskie szkolnictwo, wprowadzi\u0142a model wychowania patriotyczno-obywatelskiego i szeroki program kszta\u0142cenia w duchu idei o\u015bwiecenia. Jej dzie\u0142o sta\u0142o si\u0119 wzorem dla Europy oraz inspiracj\u0105 dla nast\u0119pnych pokole\u0144 Polak\u00f3w. Chc\u0105c uczci\u0107 to wydarzenie Towarzystwo Historii Edukacji, Katedra Historii O\u015bwiaty i Wychowania Uniwersytetu Pedagogicznego im. Komisji Edukacji Narodowej w Krakowie oraz Katedra Historii O\u015bwiaty i Wychowania Akademii Ignatianum w Krakowie zapraszaj\u0105 do udzia\u0142u w II Zje\u017adzie Historyk\u00f3w Wychowania \u2013 \u201eOsi\u0105gni\u0119cia polskiej edukacji w kontek\u015bcie europejskich przemian cywilizacyjnych\u201d. Organizatorzy pragn\u0105 zaprosi\u0107 do refleksji nad dzie\u0142em Komisji w szerokiej perspektywie historycznej i wsp\u00f3\u0142czesnej, ale tak\u017ce do refleksji nad szeroko rozumianymi osi\u0105gni\u0119ciami polskiej edukacji w kontek\u015bcie europejskim.<\/span><\/p>\n<p>\u00a0<\/p>    <\/div>\n<\/div>\n<!-- \/module text -->        <\/div>\n                        <\/div>\n        <\/div>\n        <\/div>\n<!--\/themify_builder_content-->\n\n\n<p><\/p>","protected":false},"excerpt":{"rendered":"","protected":false},"author":1,"featured_media":0,"parent":0,"menu_order":0,"comment_status":"closed","ping_status":"closed","template":"","meta":{"footnotes":""},"class_list":["post-526","page","type-page","status-publish","hentry","has-post-title","has-post-date","has-post-category","has-post-tag","has-post-comment","has-post-author",""],"builder_content":"<h1>Projekt...<\/h1>\n<p style=\"text-align: center;\"><strong>Dofinansowano z programu Doskona\u0142a Nauka Ministerstwa Edukacji i Nauki<\/strong><\/p> <p>\u00a0<\/p>\n<img src=\"http:\/\/www.zhw2.pl\/wp-content\/uploads\/2024\/03\/C-_Users_pczer_Pictures_WWW_ZHW_Logo_Ministerstwa_Edukacji_i_Nauki.jpg\" width=\"500\" height=\"158\" title=\"Projekt\" alt=\"Projekt\">\n<img src=\"http:\/\/www.zhw2.pl\/wp-content\/uploads\/2024\/03\/logo-doskonala-nauka.png\" width=\"400\" height=\"225\" title=\"Projekt\" alt=\"Projekt\">\n<p style=\"text-align: center;\">Nazwa programu: <strong>Doskona\u0142a Nauka II<\/strong><\/p> <p style=\"text-align: center;\">Nazwa modu\u0142u: <strong>Wsparcie konferencji naukowych<\/strong><\/p> <p style=\"text-align: center;\">Tytu\u0142 projektu: <i>II Zjazd Historyk\u00f3w Wychowania w 250. rocznic\u0119 powstania Komisji Edukacji Narodowej<\/i><\/p> <p style=\"text-align: center;\">Warto\u015b\u0107 przyznanego finansowania: <strong>106 805, 60 PLN<\/strong><\/p> <p style=\"text-align: center;\">Data podpisania umowy: listopad 2023<\/p>\n<p><strong>Opis projektu:<\/strong><\/p> <p>W 2023 roku przypada 250. rocznica powstania Komisji Edukacji Narodowej, pierwszej na ziemiach polskich instytucji o\u015bwiaty publicznej. Komisja zreformowa\u0142a polskie szkolnictwo, wprowadzi\u0142a model wychowania patriotyczno-obywatelskiego i szeroki program kszta\u0142cenia w duchu idei o\u015bwiecenia. Jej dzie\u0142o sta\u0142o si\u0119 wzorem dla Europy oraz inspiracj\u0105 dla nast\u0119pnych pokole\u0144 Polak\u00f3w. Chc\u0105c uczci\u0107 to wydarzenie Towarzystwo Historii Edukacji, Katedra Historii O\u015bwiaty i Wychowania Uniwersytetu Pedagogicznego im. Komisji Edukacji Narodowej w Krakowie oraz Katedra Historii O\u015bwiaty i Wychowania Akademii Ignatianum w Krakowie zapraszaj\u0105 do udzia\u0142u w II Zje\u017adzie Historyk\u00f3w Wychowania \u2013 \u201eOsi\u0105gni\u0119cia polskiej edukacji w kontek\u015bcie europejskich przemian cywilizacyjnych\u201d. Organizatorzy pragn\u0105 zaprosi\u0107 do refleksji nad dzie\u0142em Komisji w szerokiej perspektywie historycznej i wsp\u00f3\u0142czesnej, ale tak\u017ce do refleksji nad szeroko rozumianymi osi\u0105gni\u0119ciami polskiej edukacji w kontek\u015bcie europejskim.<\/p> <p>\u00a0<\/p>","_links":{"self":[{"href":"https:\/\/www.zhw2.pl\/index.php\/wp-json\/wp\/v2\/pages\/526","targetHints":{"allow":["GET"]}}],"collection":[{"href":"https:\/\/www.zhw2.pl\/index.php\/wp-json\/wp\/v2\/pages"}],"about":[{"href":"https:\/\/www.zhw2.pl\/index.php\/wp-json\/wp\/v2\/types\/page"}],"author":[{"embeddable":true,"href":"https:\/\/www.zhw2.pl\/index.php\/wp-json\/wp\/v2\/users\/1"}],"replies":[{"embeddable":true,"href":"https:\/\/www.zhw2.pl\/index.php\/wp-json\/wp\/v2\/comments?post=526"}],"version-history":[{"count":43,"href":"https:\/\/www.zhw2.pl\/index.php\/wp-json\/wp\/v2\/pages\/526\/revisions"}],"predecessor-version":[{"id":575,"href":"https:\/\/www.zhw2.pl\/index.php\/wp-json\/wp\/v2\/pages\/526\/revisions\/575"}],"wp:attachment":[{"href":"https:\/\/www.zhw2.pl\/index.php\/wp-json\/wp\/v2\/media?parent=526"}],"curies":[{"name":"wp","href":"https:\/\/api.w.org\/{rel}","templated":true}]}}